{"id":26447,"date":"2024-04-29T14:46:23","date_gmt":"2024-04-29T14:46:23","guid":{"rendered":"https:\/\/moldart.be\/inox-frame-375-375\/inox-kader-2\/schmelzen-temperieren-und-giesen\/"},"modified":"2024-04-29T15:07:58","modified_gmt":"2024-04-29T15:07:58","slug":"schmelzen-temperieren-und-giesen","status":"publish","type":"page","link":"https:\/\/moldart.be\/de\/anwendungen\/schmelzen-temperieren-und-giesen\/","title":{"rendered":"Schmelzen, Temperieren und Gie\u00dfen"},"content":{"rendered":"<div class=\"b-txt pad-s\">\n<div>\n<h1>Schmelzen, Temperieren und Gie\u00dfen<\/h1>\n<p class=\"p1\"><b>Umgebungsfaktoren beeinflussen die Qualit\u00e4t der Kuvert\u00fcre<\/b><\/p>\n<p class=\"p1\"><b>Luft, Licht und Temperatur k\u00f6nnen die Eigenschaften der Kuvert\u00fcre bei der Verarbeitung negativ beeinflussen. Alle unsere Maschinen werden mit diesem Wissen erdacht, gezeichnet, entworfen und hergestellt. Denn Ihre makellose Praline ist unser Hauptanliegen.<\/b><\/p>\n<p class=\"p1\"><b>Qualit\u00e4tslabel<\/b><\/p>\n<p class=\"p1\">Das Schmelzen, Gie\u00dfen, Temperieren und Formen bis hin zum fertigen Qualit\u00e4tsprodukt verlangt Kenntnis, Erfahrung und viel Hingabe. Schokolade ist ein Rohstoff mit sehr komplexen Eigenschaften, die bei der Verarbeitung schnell negativ beeinflusst werden k\u00f6nnen. Das Entwickeln von Maschinen, die das Schmelzen, Temperieren und Gie\u00dfen automatisieren, kann deshalb auch nicht ohne gute Kenntnisse \u00fcber den Rohstoff und alle Prozesse geschehen, die sich beim Schmelzen und Temperieren in der Schokolade vollziehen.<\/p>\n<p class=\"p1\">Jede Maschine f\u00fcr das Schmelzen, Temperieren und Gie\u00dfen von Schokolade, die die Werkstatt von Mol d&#8217;Art verl\u00e4sst, ist somit auch mit der gleichen Kenntnis, Erfahrung und Hingabe gebaut, die den gro\u00dfen Meistern der Schokoladenverarbeitung eigen ist.<\/p>\n<p class=\"p1\">Durch den ausgekl\u00fcgelten Entwurf, das Design und die Langlebigkeit garantieren die Maschinen von Mol d&#8217;Art h\u00f6chste Qualit\u00e4t beim Schmelzen, Temperieren und Gie\u00dfen von Schokolade.<\/p>\n<p class=\"p1\"><b>Maschinen f\u00fcr:<\/b><\/p>\n<ul class=\"ul1\">\n<li class=\"li1\"><a href=\"http:\/\/www.moldart.be\/de\/anwendungen\/schmelzen-temperieren-und-giesen\/schmelzen-von-schokolade\/\">schmelzen von Schokolade<\/a><span class=\"s1\">\u00a0<\/span><\/li>\n<li class=\"li1\"><a href=\"http:\/\/www.moldart.be\/de\/anwendungen\/schmelzen-temperieren-und-giesen\/schokolade-giesen\/ \">gie\u00dfen von Schokolade<\/a><span class=\"s1\">\u00a0<\/span><\/li>\n<li class=\"li1\"><a href=\"http:\/\/www.moldart.be\/de\/anwendungen\/schmelzen-temperieren-und-giesen\/temperieren-von-schokolade\/\">temperieren von Schokolade<\/a><span class=\"s1\">\u00a0<\/span><\/li>\n<\/ul>\n<p class=\"p1\"><a href=\"http:\/\/www.moldart.be\/de\/anwendungen\/schmelzen-temperieren-und-giesen\/schmelzen-von-schokolade\/\"><b>Schmelzen von Schokolade<\/b><\/a><\/p>\n<p class=\"p1\">Das Schmelzen von Schokolade muss langsam und bei niedrigen Temperaturen erfolgen. Schmelztiegel mit indirekter Erw\u00e4rmung sorgen daf\u00fcr, dass Schokolade bei niedriger Temperatur gleichm\u00e4\u00dfig geschmolzen wird. Wenn die Temperatur der Schokolade beim Schmelzen zu hoch wird, entweichen die Aromen und wird die Kuvert\u00fcre nach dem Erstarren k\u00f6rnig und matt. Die Schmelztiegel von Mol d&#8217;Art zeichnen sich durch ihre hervorragenden w\u00e4rmeleitenden Eigenschaften und die Stabilit\u00e4t der eingestellten Temperaturen aus.<\/p>\n<p class=\"p1\">Dar\u00fcber hinaus verbrauchen sie weniger Energie und sind benutzerfreundlicher und hygienischer als Schmelztiegel, die mit warmem Wasser arbeiten.<\/p>\n<p class=\"p1\"><a href=\"http:\/\/www.moldart.be\/de\/anwendungen\/schmelzen-temperieren-und-giesen\/schokolade-giesen\/\"><b>Schokolade Gie\u00dfen, schmeltzen und temperieren<\/b><\/a><\/p>\n<p class=\"p1\">Maschinen f\u00fcr das Gie\u00dfen von Schokolade erh\u00f6hen die Produktionskapazit\u00e4t beim manuellen Bef\u00fcllen von Schokoladenformen.<\/p>\n<p class=\"p1\">Das Gie\u00dfen oder Formen erfolgt schnell und effizient durch ein stufenlos einstellbares Rad, das die temperierte Schokolade zum Auslauf transportiert.<\/p>\n<p class=\"p1\">Gie\u00dfmaschinen reagieren auf den Bedarf an einer gr\u00f6\u00dferen Kapazit\u00e4t f\u00fcr das kombinierte Schmelzen, Vorkristallisieren und Gie\u00dfen oder Formen von temperierter Schokolade.<\/p>\n<p class=\"p1\">Die Maschinen f\u00fcr das Gie\u00dfen von Schokolade arbeiten auf der Grundlage einer indirekten Erw\u00e4rmung, die vollkommen gleichm\u00e4\u00dfig \u00fcber die gesamte Oberfl\u00e4che der Wanne verteilt wird. Auch hier steht eine pr\u00e4zise Temperaturregelung als Garant f\u00fcr ein perfekt veredeltes Endprodukt.<\/p>\n<p class=\"p1\">F\u00fcr nur kleine menge Schokolade zu Temperieren, Sehen sie https:\/\/youtu.be\/7MwjSUdcF10<\/p>\n<p class=\"p1\"><a href=\" http:\/\/www.moldart.be\/de\/anwendungen\/schmelzen-temperieren-und-giesen\/temperieren-von-schokolade\/\"><b>Temperieren von Schokolade<\/b><\/a><\/p>\n<p class=\"p1\">F\u00fcr das Schmelzen und Temperieren in gr\u00f6\u00dferen Werkst\u00e4tten und im industriellen Umfeld baut Mol d&#8217;Art Schmelzkessel und automatische Temperiermaschinen mit einer Kapazit\u00e4t von bis zu 500 kg Schokolade.<\/p>\n<p class=\"p1\">Schmelz- und Temperaturkessel sorgen f\u00fcr gro\u00dfe Mengen perfekt geschmolzener und temperierter Schokolade und werden meistens f\u00fcr die kontinuierliche Versorgung automatischer Formenf\u00fcllmaschinen mit temperierter Schokolade eingesetzt.<\/p>\n<p class=\"p1\">Ihre wartungsfreie und robuste Ausf\u00fchrung macht sie zu zuverl\u00e4ssigen Partnern in einem Umfeld, in dem die Produktion weitgehend automatisiert ist.<\/p>\n<\/div>\n<\/div>\n","protected":false},"excerpt":{"rendered":"<p>Umgebungsfaktoren beeinflussen die Qualit\u00e4t der Kuvert\u00fcre Luft, Licht und Temperatur k\u00f6nnen die Eigenschaften der Kuvert\u00fcre bei der Verarbeitung negativ beeinflussen. Alle unsere Maschinen werden mit diesem Wissen erdacht, gezeichnet, entworfen und hergestellt. Denn Ihre makellose Praline ist unser Hauptanliegen. Qualit\u00e4tslabel Das Schmelzen, Gie\u00dfen, Temperieren und Formen bis hin zum fertigen Qualit\u00e4tsprodukt verlangt Kenntnis, Erfahrung und &hellip; <a href=\"https:\/\/moldart.be\/de\/anwendungen\/schmelzen-temperieren-und-giesen\/\">Continued<\/a><\/p>\n","protected":false},"author":1,"featured_media":0,"parent":26445,"menu_order":0,"comment_status":"closed","ping_status":"closed","template":"","meta":{"_acf_changed":false,"inline_featured_image":false,"footnotes":""},"class_list":["post-26447","page","type-page","status-publish","hentry"],"acf":[],"yoast_head":"<!-- This site is optimized with the Yoast SEO plugin v25.4 - https:\/\/yoast.com\/wordpress\/plugins\/seo\/ -->\n<title>Schmelzen, Temperieren und Gie\u00dfen - Mol d&#039;Art - Chocolademachines, vormen en verpakkingen. In onze shop vind je alles terug!<\/title>\n<meta name=\"robots\" content=\"index, follow, max-snippet:-1, max-image-preview:large, max-video-preview:-1\" \/>\n<link rel=\"canonical\" href=\"https:\/\/moldart.be\/de\/anwendungen\/schmelzen-temperieren-und-giesen\/\" \/>\n<meta property=\"og:locale\" content=\"de_DE\" \/>\n<meta property=\"og:type\" content=\"article\" \/>\n<meta property=\"og:title\" content=\"Schmelzen, Temperieren und Gie\u00dfen - Mol d&#039;Art - Chocolademachines, vormen en verpakkingen. In onze shop vind je alles terug!\" \/>\n<meta property=\"og:description\" content=\"Umgebungsfaktoren beeinflussen die Qualit\u00e4t der Kuvert\u00fcre Luft, Licht und Temperatur k\u00f6nnen die Eigenschaften der Kuvert\u00fcre bei der Verarbeitung negativ beeinflussen. Alle unsere Maschinen werden mit diesem Wissen erdacht, gezeichnet, entworfen und hergestellt. Denn Ihre makellose Praline ist unser Hauptanliegen. Qualit\u00e4tslabel Das Schmelzen, Gie\u00dfen, Temperieren und Formen bis hin zum fertigen Qualit\u00e4tsprodukt verlangt Kenntnis, Erfahrung und &hellip; Continued\" \/>\n<meta property=\"og:url\" content=\"https:\/\/moldart.be\/de\/anwendungen\/schmelzen-temperieren-und-giesen\/\" \/>\n<meta property=\"og:site_name\" content=\"Mol d&#039;Art - Chocolademachines, vormen en verpakkingen. In onze shop vind je alles terug!\" \/>\n<meta property=\"article:modified_time\" content=\"2024-04-29T15:07:58+00:00\" \/>\n<meta name=\"twitter:card\" content=\"summary_large_image\" \/>\n<meta name=\"twitter:label1\" content=\"Est. reading time\" \/>\n\t<meta name=\"twitter:data1\" content=\"3 minutes\" \/>\n<script type=\"application\/ld+json\" class=\"yoast-schema-graph\">{\"@context\":\"https:\/\/schema.org\",\"@graph\":[{\"@type\":\"WebPage\",\"@id\":\"https:\/\/moldart.be\/de\/anwendungen\/schmelzen-temperieren-und-giesen\/\",\"url\":\"https:\/\/moldart.be\/de\/anwendungen\/schmelzen-temperieren-und-giesen\/\",\"name\":\"Schmelzen, Temperieren und Gie\u00dfen - Mol d&#039;Art - Chocolademachines, vormen en verpakkingen. In onze shop vind je alles terug!\",\"isPartOf\":{\"@id\":\"https:\/\/moldart.be\/de\/#website\"},\"datePublished\":\"2024-04-29T14:46:23+00:00\",\"dateModified\":\"2024-04-29T15:07:58+00:00\",\"breadcrumb\":{\"@id\":\"https:\/\/moldart.be\/de\/anwendungen\/schmelzen-temperieren-und-giesen\/#breadcrumb\"},\"inLanguage\":\"de-DE\",\"potentialAction\":[{\"@type\":\"ReadAction\",\"target\":[\"https:\/\/moldart.be\/de\/anwendungen\/schmelzen-temperieren-und-giesen\/\"]}]},{\"@type\":\"BreadcrumbList\",\"@id\":\"https:\/\/moldart.be\/de\/anwendungen\/schmelzen-temperieren-und-giesen\/#breadcrumb\",\"itemListElement\":[{\"@type\":\"ListItem\",\"position\":1,\"name\":\"Home\",\"item\":\"https:\/\/moldart.be\/de\/\"},{\"@type\":\"ListItem\",\"position\":2,\"name\":\"Anwendungen\",\"item\":\"https:\/\/moldart.be\/de\/toepassingen\/\"},{\"@type\":\"ListItem\",\"position\":3,\"name\":\"Schmelzen, Temperieren und Gie\u00dfen\"}]},{\"@type\":\"WebSite\",\"@id\":\"https:\/\/moldart.be\/de\/#website\",\"url\":\"https:\/\/moldart.be\/de\/\",\"name\":\"Mol d&#039;Art - Chocolademachines, vormen en verpakkingen. In onze shop vind je alles terug!\",\"description\":\"\",\"potentialAction\":[{\"@type\":\"SearchAction\",\"target\":{\"@type\":\"EntryPoint\",\"urlTemplate\":\"https:\/\/moldart.be\/de\/?s={search_term_string}\"},\"query-input\":{\"@type\":\"PropertyValueSpecification\",\"valueRequired\":true,\"valueName\":\"search_term_string\"}}],\"inLanguage\":\"de-DE\"}]}<\/script>\n<!-- \/ Yoast SEO plugin. -->","yoast_head_json":{"title":"Schmelzen, Temperieren und Gie\u00dfen - Mol d&#039;Art - Chocolademachines, vormen en verpakkingen. In onze shop vind je alles terug!","robots":{"index":"index","follow":"follow","max-snippet":"max-snippet:-1","max-image-preview":"max-image-preview:large","max-video-preview":"max-video-preview:-1"},"canonical":"https:\/\/moldart.be\/de\/anwendungen\/schmelzen-temperieren-und-giesen\/","og_locale":"de_DE","og_type":"article","og_title":"Schmelzen, Temperieren und Gie\u00dfen - Mol d&#039;Art - Chocolademachines, vormen en verpakkingen. In onze shop vind je alles terug!","og_description":"Umgebungsfaktoren beeinflussen die Qualit\u00e4t der Kuvert\u00fcre Luft, Licht und Temperatur k\u00f6nnen die Eigenschaften der Kuvert\u00fcre bei der Verarbeitung negativ beeinflussen. Alle unsere Maschinen werden mit diesem Wissen erdacht, gezeichnet, entworfen und hergestellt. Denn Ihre makellose Praline ist unser Hauptanliegen. Qualit\u00e4tslabel Das Schmelzen, Gie\u00dfen, Temperieren und Formen bis hin zum fertigen Qualit\u00e4tsprodukt verlangt Kenntnis, Erfahrung und &hellip; Continued","og_url":"https:\/\/moldart.be\/de\/anwendungen\/schmelzen-temperieren-und-giesen\/","og_site_name":"Mol d&#039;Art - Chocolademachines, vormen en verpakkingen. In onze shop vind je alles terug!","article_modified_time":"2024-04-29T15:07:58+00:00","twitter_card":"summary_large_image","twitter_misc":{"Est. reading time":"3 minutes"},"schema":{"@context":"https:\/\/schema.org","@graph":[{"@type":"WebPage","@id":"https:\/\/moldart.be\/de\/anwendungen\/schmelzen-temperieren-und-giesen\/","url":"https:\/\/moldart.be\/de\/anwendungen\/schmelzen-temperieren-und-giesen\/","name":"Schmelzen, Temperieren und Gie\u00dfen - Mol d&#039;Art - Chocolademachines, vormen en verpakkingen. In onze shop vind je alles terug!","isPartOf":{"@id":"https:\/\/moldart.be\/de\/#website"},"datePublished":"2024-04-29T14:46:23+00:00","dateModified":"2024-04-29T15:07:58+00:00","breadcrumb":{"@id":"https:\/\/moldart.be\/de\/anwendungen\/schmelzen-temperieren-und-giesen\/#breadcrumb"},"inLanguage":"de-DE","potentialAction":[{"@type":"ReadAction","target":["https:\/\/moldart.be\/de\/anwendungen\/schmelzen-temperieren-und-giesen\/"]}]},{"@type":"BreadcrumbList","@id":"https:\/\/moldart.be\/de\/anwendungen\/schmelzen-temperieren-und-giesen\/#breadcrumb","itemListElement":[{"@type":"ListItem","position":1,"name":"Home","item":"https:\/\/moldart.be\/de\/"},{"@type":"ListItem","position":2,"name":"Anwendungen","item":"https:\/\/moldart.be\/de\/toepassingen\/"},{"@type":"ListItem","position":3,"name":"Schmelzen, Temperieren und Gie\u00dfen"}]},{"@type":"WebSite","@id":"https:\/\/moldart.be\/de\/#website","url":"https:\/\/moldart.be\/de\/","name":"Mol d&#039;Art - Chocolademachines, vormen en verpakkingen. In onze shop vind je alles terug!","description":"","potentialAction":[{"@type":"SearchAction","target":{"@type":"EntryPoint","urlTemplate":"https:\/\/moldart.be\/de\/?s={search_term_string}"},"query-input":{"@type":"PropertyValueSpecification","valueRequired":true,"valueName":"search_term_string"}}],"inLanguage":"de-DE"}]}},"_links":{"self":[{"href":"https:\/\/moldart.be\/de\/wp-json\/wp\/v2\/pages\/26447","targetHints":{"allow":["GET"]}}],"collection":[{"href":"https:\/\/moldart.be\/de\/wp-json\/wp\/v2\/pages"}],"about":[{"href":"https:\/\/moldart.be\/de\/wp-json\/wp\/v2\/types\/page"}],"author":[{"embeddable":true,"href":"https:\/\/moldart.be\/de\/wp-json\/wp\/v2\/users\/1"}],"replies":[{"embeddable":true,"href":"https:\/\/moldart.be\/de\/wp-json\/wp\/v2\/comments?post=26447"}],"version-history":[{"count":0,"href":"https:\/\/moldart.be\/de\/wp-json\/wp\/v2\/pages\/26447\/revisions"}],"up":[{"embeddable":true,"href":"https:\/\/moldart.be\/de\/wp-json\/wp\/v2\/pages\/26445"}],"wp:attachment":[{"href":"https:\/\/moldart.be\/de\/wp-json\/wp\/v2\/media?parent=26447"}],"curies":[{"name":"wp","href":"https:\/\/api.w.org\/{rel}","templated":true}]}}