{"id":26698,"date":"2024-03-12T13:22:23","date_gmt":"2024-03-12T13:22:23","guid":{"rendered":"https:\/\/moldart.be\/datenschutz\/"},"modified":"2024-04-30T14:39:27","modified_gmt":"2024-04-30T14:39:27","slug":"datenschutz","status":"publish","type":"page","link":"https:\/\/moldart.be\/de\/datenschutz\/","title":{"rendered":"Datenschutz"},"content":{"rendered":"<div class=\"b-txt pad-s pad-s\">\r\n    <div>\r\n        <h1 class=\"page-title\">Datenschutz<\/h1>\n<p class=\"p1\">Ihre Privatsph\u00e4re ist wichtig und wird von uns auch respektiert.<\/p>\n<p class=\"p1\">Auf dieser Website werden an verschiedenen Stellen und in unterschiedlicher Form personenbezogene Daten gesammelt. Diese Daten werden in einer gesicherten Datenbank von Mol d\u2019Art gespeichert. Mol d\u2019Art gibt diese Daten unter keinerlei Voraussetzung an Dritte weiter, es sei denn, wir nehmen f\u00fcr die Durchf\u00fchrung eines Verkaufsvertrages externe Dienstleister (wie Transportdienste) in Anspruch, die dann ausschlie\u00dflich in unserem Auftrag arbeiten<\/p>\n<p class=\"p1\">Automatisch erhobene personenbezogene DatenBei jedem Besuch unserer Website und bei der Nutzung unserer Suchfunktion werden die technischen Merkmale Ihrer Anfrage automatisch in Logdateien auf unseren Servern gespeichert. Diese technischen Merkmale beziehen sich auf die aufgerufenen URLs der Seiten, die auf unserer Website eingesehen werden, die IP-Adresse des Besuchers, den Zeitpunkt der Abfrage, den Referrer oder die URLs von Seiten anderer Websites, die aufgerufen wurden, um zu unserer Website zu gelangen, die Bildschirmgr\u00f6\u00dfe, den verwendeten Browser und \u00c4hnliches<\/p>\n<p class=\"p1\">Wir vollziehen nicht nach (sollte dies m\u00f6glich sein), wer welche IP-Adresse zu welchem Zeitpunkt nutzt, und wir f\u00fchren diese Daten daher nicht auf Ihre Person zur\u00fcck. Diese Daten werden einige Monate gespeichert und ausschlie\u00dflich f\u00fcr statistische Analysen der Website-Nutzung sowie zur Verbesserung von deren Inhalt, Funktion und Benutzerfreundlichkeit verwendet.<\/p>\n<p class=\"p1\"><b>Durch Registrierung und mit Formularen erhobene personenbezogene Daten<\/b><\/p>\n<p class=\"p1\">Bestimmte Funktionen auf der Website (wie Bestellen im Webshop) k\u00f6nnen erst nach Ausf\u00fcllen eines Registrierungsformulars genutzt werden. Die Nutzer werden gebeten, ihre Kontaktdaten (wie Name, E-Mail- und Postadresse), eindeutige Identifikationsdaten (wie Benutzername und Passwort), demografische Daten (wie Postleitzahl) und finanzielle Informationen (wie Konto- oder Kreditkartennummern) einzutragen. Diese Informationen werden f\u00fcr die Abwicklung von Bestellungen und den Versand von Informationen \u00fcber unser Unternehmen, von speziellen Werbeaktionen und von elektronischen Newslettern gespeichert und verwendet.<\/p>\n<p class=\"p1\"><b>Newsletter<\/b><\/p>\n<p class=\"p1\">Wenn Sie sich f\u00fcr einen unserer E-Mail-Newsletter anmelden oder davon abmelden, werden die technischen Merkmale Ihrer \u00c4nderung gemeinsam mit Ihrer E-Mail-Adresse f\u00fcr einige Monate gespeichert. Ihre E-Mail-Adresse wird danach ausschlie\u00dflich f\u00fcr die Zusendung des entsprechenden Newsletters w\u00e4hrend der gesamten Laufzeit Ihres Abonnements verwendet. Es steht Ihnen frei, f\u00fcr Ihr Abonnement eine E-Mail-Adresse zu verwenden, die nicht auf Ihre Person zur\u00fcckzuf\u00fchren ist. Sie k\u00f6nnen sich jederzeit von jedem unserer Newsletter abmelden. Wie dies funktioniert, ist unter jeder Ausgabe des betreffenden Newsletters beschrieben. Sollte die Abmeldung aus irgendeinem Grund nicht gelingen, l\u00f6schen wir Sie auch gerne nach Erhalt eines schriftlichen Ersuchens aus der Abonnentenliste.<\/p>\n<p class=\"p1\"><b>Kontaktformulare und E-Mail<\/b><\/p>\n<p class=\"p1\">Wenn Sie ein Kontakt-, Anmelde- oder Informationsformular auf einer unserer Websites ausf\u00fcllen und versenden oder uns eine E-Mail senden, werden die von Ihnen \u00fcbermittelten Daten gemeinsam mit den technischen Merkmalen von uns solange gespeichert, wie es aufgrund der Art des Formulars und Ihrer Nachricht notwendig oder angemessen f\u00fcr die vollst\u00e4ndige Beantwortung, Bearbeitung und\/oder Rechtfertigung anl\u00e4sslich Ihrer Nachricht ist. Ihre Nachricht kann ferner in unserem E-Mail-Archiv gespeichert werden, wo sie aufgrund von Backup-Verfahren und der gesetzlichen Aufbewahrungspflicht 7 Jahre aufgehoben werden kann.<\/p>\n<p class=\"p1\"><b>Durch die Verwendung von Cookies erhobene personenbezogene Daten<\/b><\/p>\n<p class=\"p1\">Auf dieser Website werden Cookies verwendet, um personenbezogene Daten zu erfassen. Ein Cookie ist eine kleine Datei, die bei einem Besuch einer Website automatisch vom Server auf der Festplatte Ihres Computers gespeichert wird. Da die Website den Computer bei einem n\u00e4chsten Besuch erkennt, wird der Zugang zur Website vereinfacht und m\u00fcssen nicht alle Daten neuerlich eingegeben werden. Cookies werden verwendet, um eine Website an individuelle Pr\u00e4ferenzen anzupassen, und helfen bei der Analyse von deren richtiger Funktion und Nutzung. Die Konfiguration der meisten Browser erm\u00f6glicht es, Cookies zu aktivieren oder deaktivieren sowie den Nutzer zu warnen, wenn versucht wird, Cookies auf dem Computer zu speichern. Sie k\u00f6nnen Cookies jederzeit ablehnen, dies kann jedoch Folgen f\u00fcr die Funktionalit\u00e4t und die richtige Funktion der Navigation haben. In der Hilfe-Funktion Ihres Browsers finden Sie weitere Informationen und auch eine Beschreibung, wie Sie Cookies aktivieren und deaktivieren k\u00f6nnen.<\/p>\n<p class=\"p1\"><b>Google Analytics<\/b><\/p>\n<p class=\"p1\">Mol d\u2019Art nutzt Google Analytics, einen Webanalysedienst, der von Google Inc. (\u201eGoogle\u201c) angeboten wird. Google Analytics verwendet Cookies, um die Website-Nutzung zu analysieren.<\/p>\n<p class=\"p1\">Diese Informationen (einschlie\u00dflich Ihrer IP-Adresse) werden auf Server von Google in den USA \u00fcbertragen und von Google gespeichert. Google verwendet diese Informationen, um Bericht \u00fcber die Nutzung einer Website zu erstatten und um andere Dienstleistungen in Bezug auf die Website-Aktivit\u00e4ten und die Internetnutzung anbieten zu k\u00f6nnen.<\/p>\n<p class=\"p1\">Google darf diese Informationen Dritten zur Verf\u00fcgung stellen, wenn Google dazu gesetzlich verpflichtet wird oder diese Dritten die Informationen im Auftrag von Google verarbeiten. Google wird Ihre IP-Adresse nicht mit anderen Daten, \u00fcber die Google verf\u00fcgt, kombinieren. Sie k\u00f6nnen die Verwendung von Cookies in der oben beschriebenen Form deaktivieren. Durch die Nutzung dieser Website erteilen Sie Ihre Zustimmung zur Verarbeitung der Informationen durch Google in der oben genannten Form und f\u00fcr die oben genannten Zwecke.<\/p>\n<p class=\"p1\"><b>Werbeanzeigen und Klicks<\/b><\/p>\n<p class=\"p1\">Werbeanzeigen und Klicks k\u00f6nnen von Mol d\u2019Art und den Werbenetzwerken, an denen Mol d\u2019Art teilnimmt, erfasst werden. Wenn Sie auf eine Werbeanzeige klicken, k\u00f6nnen die technischen Merkmale des Klicks in Logdateien gespeichert werden, die zwecks finanzieller Untermauerung einige Monate aufbewahrt werden. Wir vollziehen nicht nach (sollte dies m\u00f6glich sein), wer welche IP-Adresse zu welchem Zeitpunkt nutzt, und wir f\u00fchren diese Daten daher nicht auf Ihre Person zur\u00fcck. Mol d\u2019Art kann an verschiedenen Netzwerken (Google Adwords, Webgains, Ad Pepper, Yahoo,\u2026) teilnehmen. Jedes dieser Werbenetzwerke hat eigene Datenschutzbestimmungen.<\/p>\n<p class=\"p1\"><b>Links zu anderen Websites<\/b><\/p>\n<p class=\"p1\">Diese Website kann Links zu anderen Websites enthalten. Mol d\u2019Art ist nicht f\u00fcr die Datenschutzbestimmungen dieser Websites verantwortlich.<\/p>\n<p class=\"p1\"><b>Sicherheit<\/b><\/p>\n<p class=\"p1\">Wenn wir Ihre Daten erhalten oder auf unsere Website \u00fcbertragen, nutzen wir stets die Codierungstechniken, die als \u00fcbliche Standards im IT-Sektor anerkannt sind. Wir haben die n\u00f6tigen Sicherheitsma\u00dfnahmen eingef\u00fchrt, um Verlust, unrechtm\u00e4\u00dfige Nutzung oder \u00c4nderung von Informationen, die wir \u00fcber unsere Website erhalten, zu vermeiden.<\/p>\n<p class=\"p1\"><a href=\"http:\/\/www.ogone.be\/\">www.ogone.be<\/a><\/p>\n<p class=\"p1\"><b>Ausnahmen: Missbrauch, Verpflichtungen<\/b><\/p>\n<p class=\"p1\">Wenn unserer Meinung nach ein Missbrauch oder unsachgem\u00e4\u00dfer Gebrauch unserer Dienste vorliegt, k\u00f6nnen wir bestimmten IP- und\/oder E-Mail-Adressen f\u00fcr bestimmte oder unbestimmte Zeit den Zugang verwehren. Bei Formen des Missbrauchs, bei denen Dritten geschadet wird, k\u00f6nnen wir die jeweiligen Daten diesen Dritten zur Verf\u00fcgung stellen. Bei Missbrauch werden wir alles unternehmen, um Anzeige erstatten oder gerichtlich gegen Sie vorgehen zu k\u00f6nnen.<\/p>\n<p class=\"p1\"><b>Einsichtsrecht<\/b><\/p>\n<p class=\"p1\">Sie verf\u00fcgen \u00fcber das Recht, die von uns gespeicherten Daten einzusehen und zu korrigieren. Richten Sie dazu ein schriftliches und eingeschriebenes Ansuchen mit einer Kopie Ihres Personalausweises an Mol d\u2019Art bvba unter folgender Adresse: A2 Industriepark 16, 3290 Webbekom, Belgien.<\/p>\n<p class=\"p1\"><b>L\u00f6schung aus der Kontaktliste<\/b><\/p>\n<p class=\"p1\">Wer nicht mehr von Mol d\u2019Art kontaktiert werden m\u00f6chte, kann dies einfach mit einer E-Mail an\u00a0<a href=\"mailto:info@moldart.be\"><span class=\"s1\">info@moldart.be<\/span><\/a>\u00a0bekannt geben. Ihre Daten werden dann unverz\u00fcglich aus den Dateien gel\u00f6scht.<br \/>\nWenn Sie von keinem Unternehmen Mailings oder Telefonanrufe erhalten m\u00f6chten, dann kontaktieren Sie die Robinson-Liste des Belgisch Direct Marketing Verbond (online:\u00a0<a href=\"http:\/\/www.robinsonlist.be\/\"><span class=\"s1\">www.robinsonlist.be<\/span><\/a>, kostenfreie Telefonnummer: 0800-91 886 oder per Post: BDMV, Robinson list, Buro&amp;Design Center, Heizel Esplanade B46, 1020 Br\u00fcssel, Belgien).<\/p>\n<p class=\"p1\"><b>\u00c4nderung der Datenschutzbestimmungen<\/b><\/p>\n<p class=\"p1\">Wenn Mol d\u2019Art personenbezogene Daten f\u00fcr Anwendungen nutzen m\u00f6chte, die noch nicht in diesen Datenschutzbestimmungen genannt sind, werden Sie \u00fcber die \u00c4nderungen unserer Datenschutzbestimmungen informiert und bekommen die M\u00f6glichkeit, Ihre Teilnahme zu verweigern.<\/p>\n\r\n    <\/div>\r\n<\/div>","protected":false},"excerpt":{"rendered":"","protected":false},"author":1,"featured_media":0,"parent":0,"menu_order":0,"comment_status":"closed","ping_status":"closed","template":"","meta":{"_acf_changed":false,"inline_featured_image":false,"footnotes":""},"class_list":["post-26698","page","type-page","status-publish","hentry"],"acf":[],"yoast_head":"<!-- This site is optimized with the Yoast SEO plugin v25.4 - https:\/\/yoast.com\/wordpress\/plugins\/seo\/ -->\n<title>Datenschutz - Mol d&#039;Art - Chocolademachines, vormen en verpakkingen. In onze shop vind je alles terug!<\/title>\n<meta name=\"robots\" content=\"index, follow, max-snippet:-1, max-image-preview:large, max-video-preview:-1\" \/>\n<link rel=\"canonical\" href=\"https:\/\/moldart.be\/de\/datenschutz\/\" \/>\n<meta property=\"og:locale\" content=\"de_DE\" \/>\n<meta property=\"og:type\" content=\"article\" \/>\n<meta property=\"og:title\" content=\"Datenschutz - Mol d&#039;Art - Chocolademachines, vormen en verpakkingen. In onze shop vind je alles terug!\" \/>\n<meta property=\"og:url\" content=\"https:\/\/moldart.be\/de\/datenschutz\/\" \/>\n<meta property=\"og:site_name\" content=\"Mol d&#039;Art - Chocolademachines, vormen en verpakkingen. In onze shop vind je alles terug!\" \/>\n<meta property=\"article:modified_time\" content=\"2024-04-30T14:39:27+00:00\" \/>\n<meta name=\"twitter:card\" content=\"summary_large_image\" \/>\n<script type=\"application\/ld+json\" class=\"yoast-schema-graph\">{\"@context\":\"https:\/\/schema.org\",\"@graph\":[{\"@type\":\"WebPage\",\"@id\":\"https:\/\/moldart.be\/de\/datenschutz\/\",\"url\":\"https:\/\/moldart.be\/de\/datenschutz\/\",\"name\":\"Datenschutz - Mol d&#039;Art - Chocolademachines, vormen en verpakkingen. In onze shop vind je alles terug!\",\"isPartOf\":{\"@id\":\"https:\/\/moldart.be\/de\/#website\"},\"datePublished\":\"2024-03-12T13:22:23+00:00\",\"dateModified\":\"2024-04-30T14:39:27+00:00\",\"breadcrumb\":{\"@id\":\"https:\/\/moldart.be\/de\/datenschutz\/#breadcrumb\"},\"inLanguage\":\"de-DE\",\"potentialAction\":[{\"@type\":\"ReadAction\",\"target\":[\"https:\/\/moldart.be\/de\/datenschutz\/\"]}]},{\"@type\":\"BreadcrumbList\",\"@id\":\"https:\/\/moldart.be\/de\/datenschutz\/#breadcrumb\",\"itemListElement\":[{\"@type\":\"ListItem\",\"position\":1,\"name\":\"Home\",\"item\":\"https:\/\/moldart.be\/de\/\"},{\"@type\":\"ListItem\",\"position\":2,\"name\":\"Datenschutz\"}]},{\"@type\":\"WebSite\",\"@id\":\"https:\/\/moldart.be\/de\/#website\",\"url\":\"https:\/\/moldart.be\/de\/\",\"name\":\"Mol d&#039;Art - Chocolademachines, vormen en verpakkingen. In onze shop vind je alles terug!\",\"description\":\"\",\"potentialAction\":[{\"@type\":\"SearchAction\",\"target\":{\"@type\":\"EntryPoint\",\"urlTemplate\":\"https:\/\/moldart.be\/de\/?s={search_term_string}\"},\"query-input\":{\"@type\":\"PropertyValueSpecification\",\"valueRequired\":true,\"valueName\":\"search_term_string\"}}],\"inLanguage\":\"de-DE\"}]}<\/script>\n<!-- \/ Yoast SEO plugin. -->","yoast_head_json":{"title":"Datenschutz - Mol d&#039;Art - Chocolademachines, vormen en verpakkingen. In onze shop vind je alles terug!","robots":{"index":"index","follow":"follow","max-snippet":"max-snippet:-1","max-image-preview":"max-image-preview:large","max-video-preview":"max-video-preview:-1"},"canonical":"https:\/\/moldart.be\/de\/datenschutz\/","og_locale":"de_DE","og_type":"article","og_title":"Datenschutz - Mol d&#039;Art - Chocolademachines, vormen en verpakkingen. In onze shop vind je alles terug!","og_url":"https:\/\/moldart.be\/de\/datenschutz\/","og_site_name":"Mol d&#039;Art - Chocolademachines, vormen en verpakkingen. In onze shop vind je alles terug!","article_modified_time":"2024-04-30T14:39:27+00:00","twitter_card":"summary_large_image","schema":{"@context":"https:\/\/schema.org","@graph":[{"@type":"WebPage","@id":"https:\/\/moldart.be\/de\/datenschutz\/","url":"https:\/\/moldart.be\/de\/datenschutz\/","name":"Datenschutz - Mol d&#039;Art - Chocolademachines, vormen en verpakkingen. In onze shop vind je alles terug!","isPartOf":{"@id":"https:\/\/moldart.be\/de\/#website"},"datePublished":"2024-03-12T13:22:23+00:00","dateModified":"2024-04-30T14:39:27+00:00","breadcrumb":{"@id":"https:\/\/moldart.be\/de\/datenschutz\/#breadcrumb"},"inLanguage":"de-DE","potentialAction":[{"@type":"ReadAction","target":["https:\/\/moldart.be\/de\/datenschutz\/"]}]},{"@type":"BreadcrumbList","@id":"https:\/\/moldart.be\/de\/datenschutz\/#breadcrumb","itemListElement":[{"@type":"ListItem","position":1,"name":"Home","item":"https:\/\/moldart.be\/de\/"},{"@type":"ListItem","position":2,"name":"Datenschutz"}]},{"@type":"WebSite","@id":"https:\/\/moldart.be\/de\/#website","url":"https:\/\/moldart.be\/de\/","name":"Mol d&#039;Art - Chocolademachines, vormen en verpakkingen. In onze shop vind je alles terug!","description":"","potentialAction":[{"@type":"SearchAction","target":{"@type":"EntryPoint","urlTemplate":"https:\/\/moldart.be\/de\/?s={search_term_string}"},"query-input":{"@type":"PropertyValueSpecification","valueRequired":true,"valueName":"search_term_string"}}],"inLanguage":"de-DE"}]}},"_links":{"self":[{"href":"https:\/\/moldart.be\/de\/wp-json\/wp\/v2\/pages\/26698","targetHints":{"allow":["GET"]}}],"collection":[{"href":"https:\/\/moldart.be\/de\/wp-json\/wp\/v2\/pages"}],"about":[{"href":"https:\/\/moldart.be\/de\/wp-json\/wp\/v2\/types\/page"}],"author":[{"embeddable":true,"href":"https:\/\/moldart.be\/de\/wp-json\/wp\/v2\/users\/1"}],"replies":[{"embeddable":true,"href":"https:\/\/moldart.be\/de\/wp-json\/wp\/v2\/comments?post=26698"}],"version-history":[{"count":0,"href":"https:\/\/moldart.be\/de\/wp-json\/wp\/v2\/pages\/26698\/revisions"}],"wp:attachment":[{"href":"https:\/\/moldart.be\/de\/wp-json\/wp\/v2\/media?parent=26698"}],"curies":[{"name":"wp","href":"https:\/\/api.w.org\/{rel}","templated":true}]}}