{"id":20640,"date":"2014-10-16T15:36:17","date_gmt":"2014-10-16T15:36:17","guid":{"rendered":"https:\/\/moldart.be\/product\/unkategorisiert\/giesmaschine-15-kg\/"},"modified":"2024-05-31T10:10:19","modified_gmt":"2024-05-31T10:10:19","slug":"giesmaschine-15-kg","status":"publish","type":"product","link":"https:\/\/moldart.be\/de\/product\/schokolade-maschinen\/giessmaschinen\/giesmaschine-15-kg\/","title":{"rendered":"Gie\u00dfmaschine, 15 kg"},"content":{"rendered":"<div class=\"b-txt pad-s\">\n<div>\n<h1>Gie\u00dfmaschine, 15 kg<\/h1>\n<p><strong>Wollen Sie mehr wissen?<\/strong><\/p>\n<ul>\n<li><a href=\"https:\/\/www.moldart.be\/de\/anwendungen\/schmelzen-temperieren-und-giesen\/schokolade-giesen\/\">Lesen Sie hier mehr \u00fcber die Funktionsweise der Gie\u00dfmaschinen von Mol d&#8217;Art.<\/a><\/li>\n<\/ul>\n<p><strong>Merkmale:<\/strong><\/div>\n<\/div>\n","protected":false},"excerpt":{"rendered":"<ul>\n<li>Gie\u00dfmaschine, 15 kg<\/li>\n<li>Kleine abschlie\u00dfbare Radmaschine, besonders geeignet zum Schmelzen und Tempern kleiner Schokoladenmengen in Schulen, B\u00e4ckereien und kleinen Werkst\u00e4tten.<\/li>\n<li>Aufgrund des geringen Volumens wird kein zus\u00e4tzlicher R\u00fchrarm ben\u00f6tigt, aber die Bewegung des Rades reicht aus, um die Schokolade weiter zu r\u00fchren. Das Ger\u00e4t nimmt wenig Platz ein und kann problemlos auf einen Tisch gestellt werden.<\/li>\n<li>Stabile und genaue Temperaturregelung<\/li>\n<li>Kompakt<\/li>\n<li>Besonders f\u00fcr Schulen, Konditoreien und kleine Werkst\u00e4tten!<\/li>\n<li>Vibrationstabelle enthalten<\/li>\n<li>Spezifikationen:\n<ul>\n<li>Abmessungen: 500 x 500 x 510 mm<\/li>\n<li>Netzspannung: 230 V einphasig &#8211; 50\/60 Hz<\/li>\n<li>Leistung 500 W<\/li>\n<li>Gewicht 45 kg<\/li>\n<\/ul>\n<\/li>\n<\/ul>\n","protected":false},"featured_media":556,"template":"","meta":{"_acf_changed":false,"inline_featured_image":false},"product_brand":[],"product_cat":[1448,1495],"product_tag":[],"class_list":{"0":"post-20640","1":"product","2":"type-product","3":"status-publish","4":"has-post-thumbnail","6":"product_cat-schokolade-maschinen","7":"product_cat-giessmaschinen","8":"product_shipping_class-seperate-collie","9":"pa_stekker-type-115v-us-type-de-2","10":"pa_stekker-type-230v-eu-type-de-2","11":"pa_stekker-type-230v-uk-type-de-2","13":"first","14":"instock","15":"taxable","16":"shipping-taxable","17":"purchasable","18":"product-type-variable"},"acf":[],"yoast_head":"<!-- This site is optimized with the Yoast SEO plugin v25.4 - https:\/\/yoast.com\/wordpress\/plugins\/seo\/ -->\n<title>Gie\u00dfmaschine, 15 kg - Mol d&#039;Art - Chocolademachines, vormen en verpakkingen. In onze shop vind je alles terug!<\/title>\n<meta name=\"robots\" content=\"index, follow, max-snippet:-1, max-image-preview:large, max-video-preview:-1\" \/>\n<link rel=\"canonical\" href=\"https:\/\/moldart.be\/de\/product\/schokolade-maschinen\/giessmaschinen\/giesmaschine-15-kg\/\" \/>\n<meta property=\"og:locale\" content=\"de_DE\" \/>\n<meta property=\"og:type\" content=\"article\" \/>\n<meta property=\"og:title\" content=\"Gie\u00dfmaschine, 15 kg - Mol d&#039;Art - Chocolademachines, vormen en verpakkingen. In onze shop vind je alles terug!\" \/>\n<meta property=\"og:description\" content=\"Gie\u00dfmaschine, 15 kg  Kleine abschlie\u00dfbare Radmaschine, besonders geeignet zum Schmelzen und Tempern kleiner Schokoladenmengen in Schulen, B\u00e4ckereien und kleinen Werkst\u00e4tten.  Aufgrund des geringen Volumens wird kein zus\u00e4tzlicher R\u00fchrarm ben\u00f6tigt, aber die Bewegung des Rades reicht aus, um die Schokolade weiter zu r\u00fchren. Das Ger\u00e4t nimmt wenig Platz ein und kann problemlos auf einen Tisch gestellt werden.  Stabile und genaue Temperaturregelung  Kompakt  Besonders f\u00fcr Schulen, Konditoreien und kleine Werkst\u00e4tten!  Vibrationstabelle enthalten  Spezifikationen:   Abmessungen: 500 x 500 x 510 mm  Netzspannung: 230 V einphasig - 50\/60 Hz  Leistung 500 W  Gewicht 45 kg\" \/>\n<meta property=\"og:url\" content=\"https:\/\/moldart.be\/de\/product\/schokolade-maschinen\/giessmaschinen\/giesmaschine-15-kg\/\" \/>\n<meta property=\"og:site_name\" content=\"Mol d&#039;Art - Chocolademachines, vormen en verpakkingen. In onze shop vind je alles terug!\" \/>\n<meta property=\"article:modified_time\" content=\"2024-05-31T10:10:19+00:00\" \/>\n<meta property=\"og:image\" content=\"https:\/\/moldart.be\/app\/uploads\/2024\/04\/15-kg-foto2.jpg\" \/>\n\t<meta property=\"og:image:width\" content=\"1024\" \/>\n\t<meta property=\"og:image:height\" content=\"768\" \/>\n\t<meta property=\"og:image:type\" content=\"image\/jpeg\" \/>\n<meta name=\"twitter:card\" content=\"summary_large_image\" \/>\n<script type=\"application\/ld+json\" class=\"yoast-schema-graph\">{\"@context\":\"https:\/\/schema.org\",\"@graph\":[{\"@type\":\"WebPage\",\"@id\":\"https:\/\/moldart.be\/de\/product\/schokolade-maschinen\/giessmaschinen\/giesmaschine-15-kg\/\",\"url\":\"https:\/\/moldart.be\/de\/product\/schokolade-maschinen\/giessmaschinen\/giesmaschine-15-kg\/\",\"name\":\"Gie\u00dfmaschine, 15 kg - Mol d&#039;Art - Chocolademachines, vormen en verpakkingen. In onze shop vind je alles terug!\",\"isPartOf\":{\"@id\":\"https:\/\/moldart.be\/de\/#website\"},\"primaryImageOfPage\":{\"@id\":\"https:\/\/moldart.be\/de\/product\/schokolade-maschinen\/giessmaschinen\/giesmaschine-15-kg\/#primaryimage\"},\"image\":{\"@id\":\"https:\/\/moldart.be\/de\/product\/schokolade-maschinen\/giessmaschinen\/giesmaschine-15-kg\/#primaryimage\"},\"thumbnailUrl\":\"https:\/\/moldart.be\/app\/uploads\/2024\/04\/15-kg-foto2.jpg\",\"datePublished\":\"2014-10-16T15:36:17+00:00\",\"dateModified\":\"2024-05-31T10:10:19+00:00\",\"breadcrumb\":{\"@id\":\"https:\/\/moldart.be\/de\/product\/schokolade-maschinen\/giessmaschinen\/giesmaschine-15-kg\/#breadcrumb\"},\"inLanguage\":\"de-DE\",\"potentialAction\":[{\"@type\":\"ReadAction\",\"target\":[\"https:\/\/moldart.be\/de\/product\/schokolade-maschinen\/giessmaschinen\/giesmaschine-15-kg\/\"]}]},{\"@type\":\"ImageObject\",\"inLanguage\":\"de-DE\",\"@id\":\"https:\/\/moldart.be\/de\/product\/schokolade-maschinen\/giessmaschinen\/giesmaschine-15-kg\/#primaryimage\",\"url\":\"https:\/\/moldart.be\/app\/uploads\/2024\/04\/15-kg-foto2.jpg\",\"contentUrl\":\"https:\/\/moldart.be\/app\/uploads\/2024\/04\/15-kg-foto2.jpg\",\"width\":1024,\"height\":768},{\"@type\":\"BreadcrumbList\",\"@id\":\"https:\/\/moldart.be\/de\/product\/schokolade-maschinen\/giessmaschinen\/giesmaschine-15-kg\/#breadcrumb\",\"itemListElement\":[{\"@type\":\"ListItem\",\"position\":1,\"name\":\"Home\",\"item\":\"https:\/\/moldart.be\/de\/\"},{\"@type\":\"ListItem\",\"position\":2,\"name\":\"Shop\",\"item\":\"https:\/\/moldart.be\/de\/shop\/\"},{\"@type\":\"ListItem\",\"position\":3,\"name\":\"Gie\u00dfmaschine, 15 kg\"}]},{\"@type\":\"WebSite\",\"@id\":\"https:\/\/moldart.be\/de\/#website\",\"url\":\"https:\/\/moldart.be\/de\/\",\"name\":\"Mol d&#039;Art - Chocolademachines, vormen en verpakkingen. In onze shop vind je alles terug!\",\"description\":\"\",\"potentialAction\":[{\"@type\":\"SearchAction\",\"target\":{\"@type\":\"EntryPoint\",\"urlTemplate\":\"https:\/\/moldart.be\/de\/?s={search_term_string}\"},\"query-input\":{\"@type\":\"PropertyValueSpecification\",\"valueRequired\":true,\"valueName\":\"search_term_string\"}}],\"inLanguage\":\"de-DE\"}]}<\/script>\n<!-- \/ Yoast SEO plugin. -->","yoast_head_json":{"title":"Gie\u00dfmaschine, 15 kg - Mol d&#039;Art - Chocolademachines, vormen en verpakkingen. In onze shop vind je alles terug!","robots":{"index":"index","follow":"follow","max-snippet":"max-snippet:-1","max-image-preview":"max-image-preview:large","max-video-preview":"max-video-preview:-1"},"canonical":"https:\/\/moldart.be\/de\/product\/schokolade-maschinen\/giessmaschinen\/giesmaschine-15-kg\/","og_locale":"de_DE","og_type":"article","og_title":"Gie\u00dfmaschine, 15 kg - Mol d&#039;Art - Chocolademachines, vormen en verpakkingen. In onze shop vind je alles terug!","og_description":"Gie\u00dfmaschine, 15 kg  Kleine abschlie\u00dfbare Radmaschine, besonders geeignet zum Schmelzen und Tempern kleiner Schokoladenmengen in Schulen, B\u00e4ckereien und kleinen Werkst\u00e4tten.  Aufgrund des geringen Volumens wird kein zus\u00e4tzlicher R\u00fchrarm ben\u00f6tigt, aber die Bewegung des Rades reicht aus, um die Schokolade weiter zu r\u00fchren. Das Ger\u00e4t nimmt wenig Platz ein und kann problemlos auf einen Tisch gestellt werden.  Stabile und genaue Temperaturregelung  Kompakt  Besonders f\u00fcr Schulen, Konditoreien und kleine Werkst\u00e4tten!  Vibrationstabelle enthalten  Spezifikationen:   Abmessungen: 500 x 500 x 510 mm  Netzspannung: 230 V einphasig - 50\/60 Hz  Leistung 500 W  Gewicht 45 kg","og_url":"https:\/\/moldart.be\/de\/product\/schokolade-maschinen\/giessmaschinen\/giesmaschine-15-kg\/","og_site_name":"Mol d&#039;Art - Chocolademachines, vormen en verpakkingen. In onze shop vind je alles terug!","article_modified_time":"2024-05-31T10:10:19+00:00","og_image":[{"width":1024,"height":768,"url":"https:\/\/moldart.be\/app\/uploads\/2024\/04\/15-kg-foto2.jpg","type":"image\/jpeg"}],"twitter_card":"summary_large_image","schema":{"@context":"https:\/\/schema.org","@graph":[{"@type":"WebPage","@id":"https:\/\/moldart.be\/de\/product\/schokolade-maschinen\/giessmaschinen\/giesmaschine-15-kg\/","url":"https:\/\/moldart.be\/de\/product\/schokolade-maschinen\/giessmaschinen\/giesmaschine-15-kg\/","name":"Gie\u00dfmaschine, 15 kg - Mol d&#039;Art - Chocolademachines, vormen en verpakkingen. In onze shop vind je alles terug!","isPartOf":{"@id":"https:\/\/moldart.be\/de\/#website"},"primaryImageOfPage":{"@id":"https:\/\/moldart.be\/de\/product\/schokolade-maschinen\/giessmaschinen\/giesmaschine-15-kg\/#primaryimage"},"image":{"@id":"https:\/\/moldart.be\/de\/product\/schokolade-maschinen\/giessmaschinen\/giesmaschine-15-kg\/#primaryimage"},"thumbnailUrl":"https:\/\/moldart.be\/app\/uploads\/2024\/04\/15-kg-foto2.jpg","datePublished":"2014-10-16T15:36:17+00:00","dateModified":"2024-05-31T10:10:19+00:00","breadcrumb":{"@id":"https:\/\/moldart.be\/de\/product\/schokolade-maschinen\/giessmaschinen\/giesmaschine-15-kg\/#breadcrumb"},"inLanguage":"de-DE","potentialAction":[{"@type":"ReadAction","target":["https:\/\/moldart.be\/de\/product\/schokolade-maschinen\/giessmaschinen\/giesmaschine-15-kg\/"]}]},{"@type":"ImageObject","inLanguage":"de-DE","@id":"https:\/\/moldart.be\/de\/product\/schokolade-maschinen\/giessmaschinen\/giesmaschine-15-kg\/#primaryimage","url":"https:\/\/moldart.be\/app\/uploads\/2024\/04\/15-kg-foto2.jpg","contentUrl":"https:\/\/moldart.be\/app\/uploads\/2024\/04\/15-kg-foto2.jpg","width":1024,"height":768},{"@type":"BreadcrumbList","@id":"https:\/\/moldart.be\/de\/product\/schokolade-maschinen\/giessmaschinen\/giesmaschine-15-kg\/#breadcrumb","itemListElement":[{"@type":"ListItem","position":1,"name":"Home","item":"https:\/\/moldart.be\/de\/"},{"@type":"ListItem","position":2,"name":"Shop","item":"https:\/\/moldart.be\/de\/shop\/"},{"@type":"ListItem","position":3,"name":"Gie\u00dfmaschine, 15 kg"}]},{"@type":"WebSite","@id":"https:\/\/moldart.be\/de\/#website","url":"https:\/\/moldart.be\/de\/","name":"Mol d&#039;Art - Chocolademachines, vormen en verpakkingen. In onze shop vind je alles terug!","description":"","potentialAction":[{"@type":"SearchAction","target":{"@type":"EntryPoint","urlTemplate":"https:\/\/moldart.be\/de\/?s={search_term_string}"},"query-input":{"@type":"PropertyValueSpecification","valueRequired":true,"valueName":"search_term_string"}}],"inLanguage":"de-DE"}]}},"_links":{"self":[{"href":"https:\/\/moldart.be\/de\/wp-json\/wp\/v2\/product\/20640","targetHints":{"allow":["GET"]}}],"collection":[{"href":"https:\/\/moldart.be\/de\/wp-json\/wp\/v2\/product"}],"about":[{"href":"https:\/\/moldart.be\/de\/wp-json\/wp\/v2\/types\/product"}],"wp:featuredmedia":[{"embeddable":true,"href":"https:\/\/moldart.be\/de\/wp-json\/wp\/v2\/media\/556"}],"wp:attachment":[{"href":"https:\/\/moldart.be\/de\/wp-json\/wp\/v2\/media?parent=20640"}],"wp:term":[{"taxonomy":"product_brand","embeddable":true,"href":"https:\/\/moldart.be\/de\/wp-json\/wp\/v2\/product_brand?post=20640"},{"taxonomy":"product_cat","embeddable":true,"href":"https:\/\/moldart.be\/de\/wp-json\/wp\/v2\/product_cat?post=20640"},{"taxonomy":"product_tag","embeddable":true,"href":"https:\/\/moldart.be\/de\/wp-json\/wp\/v2\/product_tag?post=20640"}],"curies":[{"name":"wp","href":"https:\/\/api.w.org\/{rel}","templated":true}]}}