{"id":23233,"date":"2022-03-29T17:36:14","date_gmt":"2022-03-29T17:36:14","guid":{"rendered":"https:\/\/moldart.be\/product\/unkategorisiert\/inox-frame-375mm-x-375mm-kopie\/"},"modified":"2024-06-26T12:36:46","modified_gmt":"2024-06-26T12:36:46","slug":"inox-frame-375mm-x-375mm-kopie","status":"publish","type":"product","link":"https:\/\/moldart.be\/de\/product\/zubehoer\/inox-frame-375mm-x-375mm-kopie\/","title":{"rendered":"Inox frame 375mm x 375mm (kopie)"},"content":{"rendered":"","protected":false},"excerpt":{"rendered":"<p>Nudelholz aus Aluminium<\/p>\n<p>Dieses robuste Aluminium-Nudelholz kann zum Ausrollen von Teigen, F\u00fcllungen und Marzipan mit einem Nudelholz verwendet werden.<\/p>\n<p>Es wird empfohlen, immer mit mindestens 2 St\u00fccken zu arbeiten.<\/p>\n<p>Leicht bearbeitbare Breite von 20 mm<\/p>\n<p>Diese Lamellen sind in verschiedenen H\u00f6hen erh\u00e4ltlich, von 3 bis 30 mm.<\/p>\n","protected":false},"featured_media":13360,"template":"","meta":{"_acf_changed":false,"inline_featured_image":false},"product_brand":[],"product_cat":[1765,1497],"product_tag":[],"class_list":{"0":"post-23233","1":"product","2":"type-product","3":"status-publish","4":"has-post-thumbnail","6":"product_cat-maschinenzubehor","7":"product_cat-zubehoer","8":"product_shipping_class-same-collie","9":"pa_maten-10mm-de-2","10":"pa_maten-12mm-de","11":"pa_maten-15mm-de","12":"pa_maten-3mm-de","13":"pa_maten-5mm-de","14":"pa_maten-8mm-de","16":"first","17":"instock","18":"taxable","19":"shipping-taxable","20":"purchasable","21":"product-type-variable"},"acf":[],"yoast_head":"<!-- This site is optimized with the Yoast SEO plugin v25.4 - https:\/\/yoast.com\/wordpress\/plugins\/seo\/ -->\n<title>Inox frame 375mm x 375mm (kopie) - Mol d&#039;Art - Chocolademachines, vormen en verpakkingen. In onze shop vind je alles terug!<\/title>\n<meta name=\"robots\" content=\"index, follow, max-snippet:-1, max-image-preview:large, max-video-preview:-1\" \/>\n<link rel=\"canonical\" href=\"https:\/\/moldart.be\/de\/product\/zubehoer\/inox-frame-375mm-x-375mm-kopie\/\" \/>\n<meta property=\"og:locale\" content=\"de_DE\" \/>\n<meta property=\"og:type\" content=\"article\" \/>\n<meta property=\"og:title\" content=\"Inox frame 375mm x 375mm (kopie) - Mol d&#039;Art - Chocolademachines, vormen en verpakkingen. In onze shop vind je alles terug!\" \/>\n<meta property=\"og:description\" content=\"Nudelholz aus Aluminium  Dieses robuste Aluminium-Nudelholz kann zum Ausrollen von Teigen, F\u00fcllungen und Marzipan mit einem Nudelholz verwendet werden.  Es wird empfohlen, immer mit mindestens 2 St\u00fccken zu arbeiten.  Leicht bearbeitbare Breite von 20 mm  Diese Lamellen sind in verschiedenen H\u00f6hen erh\u00e4ltlich, von 3 bis 30 mm.\" \/>\n<meta property=\"og:url\" content=\"https:\/\/moldart.be\/de\/product\/zubehoer\/inox-frame-375mm-x-375mm-kopie\/\" \/>\n<meta property=\"og:site_name\" content=\"Mol d&#039;Art - Chocolademachines, vormen en verpakkingen. In onze shop vind je alles terug!\" \/>\n<meta property=\"article:modified_time\" content=\"2024-06-26T12:36:46+00:00\" \/>\n<meta property=\"og:image\" content=\"https:\/\/moldart.be\/app\/uploads\/2024\/04\/IMG_6807-scaled-1.jpg\" \/>\n\t<meta property=\"og:image:width\" content=\"2560\" \/>\n\t<meta property=\"og:image:height\" content=\"1707\" \/>\n\t<meta property=\"og:image:type\" content=\"image\/jpeg\" \/>\n<meta name=\"twitter:card\" content=\"summary_large_image\" \/>\n<script type=\"application\/ld+json\" class=\"yoast-schema-graph\">{\"@context\":\"https:\/\/schema.org\",\"@graph\":[{\"@type\":\"WebPage\",\"@id\":\"https:\/\/moldart.be\/de\/product\/zubehoer\/inox-frame-375mm-x-375mm-kopie\/\",\"url\":\"https:\/\/moldart.be\/de\/product\/zubehoer\/inox-frame-375mm-x-375mm-kopie\/\",\"name\":\"Inox frame 375mm x 375mm (kopie) - Mol d&#039;Art - Chocolademachines, vormen en verpakkingen. In onze shop vind je alles terug!\",\"isPartOf\":{\"@id\":\"https:\/\/moldart.be\/de\/#website\"},\"primaryImageOfPage\":{\"@id\":\"https:\/\/moldart.be\/de\/product\/zubehoer\/inox-frame-375mm-x-375mm-kopie\/#primaryimage\"},\"image\":{\"@id\":\"https:\/\/moldart.be\/de\/product\/zubehoer\/inox-frame-375mm-x-375mm-kopie\/#primaryimage\"},\"thumbnailUrl\":\"https:\/\/moldart.be\/app\/uploads\/2024\/04\/IMG_6807-scaled-1.jpg\",\"datePublished\":\"2022-03-29T17:36:14+00:00\",\"dateModified\":\"2024-06-26T12:36:46+00:00\",\"breadcrumb\":{\"@id\":\"https:\/\/moldart.be\/de\/product\/zubehoer\/inox-frame-375mm-x-375mm-kopie\/#breadcrumb\"},\"inLanguage\":\"de-DE\",\"potentialAction\":[{\"@type\":\"ReadAction\",\"target\":[\"https:\/\/moldart.be\/de\/product\/zubehoer\/inox-frame-375mm-x-375mm-kopie\/\"]}]},{\"@type\":\"ImageObject\",\"inLanguage\":\"de-DE\",\"@id\":\"https:\/\/moldart.be\/de\/product\/zubehoer\/inox-frame-375mm-x-375mm-kopie\/#primaryimage\",\"url\":\"https:\/\/moldart.be\/app\/uploads\/2024\/04\/IMG_6807-scaled-1.jpg\",\"contentUrl\":\"https:\/\/moldart.be\/app\/uploads\/2024\/04\/IMG_6807-scaled-1.jpg\",\"width\":2560,\"height\":1707},{\"@type\":\"BreadcrumbList\",\"@id\":\"https:\/\/moldart.be\/de\/product\/zubehoer\/inox-frame-375mm-x-375mm-kopie\/#breadcrumb\",\"itemListElement\":[{\"@type\":\"ListItem\",\"position\":1,\"name\":\"Home\",\"item\":\"https:\/\/moldart.be\/de\/\"},{\"@type\":\"ListItem\",\"position\":2,\"name\":\"Shop\",\"item\":\"https:\/\/moldart.be\/de\/shop\/\"},{\"@type\":\"ListItem\",\"position\":3,\"name\":\"Inox frame 375mm x 375mm (kopie)\"}]},{\"@type\":\"WebSite\",\"@id\":\"https:\/\/moldart.be\/de\/#website\",\"url\":\"https:\/\/moldart.be\/de\/\",\"name\":\"Mol d&#039;Art - Chocolademachines, vormen en verpakkingen. In onze shop vind je alles terug!\",\"description\":\"\",\"potentialAction\":[{\"@type\":\"SearchAction\",\"target\":{\"@type\":\"EntryPoint\",\"urlTemplate\":\"https:\/\/moldart.be\/de\/?s={search_term_string}\"},\"query-input\":{\"@type\":\"PropertyValueSpecification\",\"valueRequired\":true,\"valueName\":\"search_term_string\"}}],\"inLanguage\":\"de-DE\"}]}<\/script>\n<!-- \/ Yoast SEO plugin. -->","yoast_head_json":{"title":"Inox frame 375mm x 375mm (kopie) - Mol d&#039;Art - Chocolademachines, vormen en verpakkingen. In onze shop vind je alles terug!","robots":{"index":"index","follow":"follow","max-snippet":"max-snippet:-1","max-image-preview":"max-image-preview:large","max-video-preview":"max-video-preview:-1"},"canonical":"https:\/\/moldart.be\/de\/product\/zubehoer\/inox-frame-375mm-x-375mm-kopie\/","og_locale":"de_DE","og_type":"article","og_title":"Inox frame 375mm x 375mm (kopie) - Mol d&#039;Art - Chocolademachines, vormen en verpakkingen. In onze shop vind je alles terug!","og_description":"Nudelholz aus Aluminium  Dieses robuste Aluminium-Nudelholz kann zum Ausrollen von Teigen, F\u00fcllungen und Marzipan mit einem Nudelholz verwendet werden.  Es wird empfohlen, immer mit mindestens 2 St\u00fccken zu arbeiten.  Leicht bearbeitbare Breite von 20 mm  Diese Lamellen sind in verschiedenen H\u00f6hen erh\u00e4ltlich, von 3 bis 30 mm.","og_url":"https:\/\/moldart.be\/de\/product\/zubehoer\/inox-frame-375mm-x-375mm-kopie\/","og_site_name":"Mol d&#039;Art - Chocolademachines, vormen en verpakkingen. In onze shop vind je alles terug!","article_modified_time":"2024-06-26T12:36:46+00:00","og_image":[{"width":2560,"height":1707,"url":"https:\/\/moldart.be\/app\/uploads\/2024\/04\/IMG_6807-scaled-1.jpg","type":"image\/jpeg"}],"twitter_card":"summary_large_image","schema":{"@context":"https:\/\/schema.org","@graph":[{"@type":"WebPage","@id":"https:\/\/moldart.be\/de\/product\/zubehoer\/inox-frame-375mm-x-375mm-kopie\/","url":"https:\/\/moldart.be\/de\/product\/zubehoer\/inox-frame-375mm-x-375mm-kopie\/","name":"Inox frame 375mm x 375mm (kopie) - Mol d&#039;Art - Chocolademachines, vormen en verpakkingen. In onze shop vind je alles terug!","isPartOf":{"@id":"https:\/\/moldart.be\/de\/#website"},"primaryImageOfPage":{"@id":"https:\/\/moldart.be\/de\/product\/zubehoer\/inox-frame-375mm-x-375mm-kopie\/#primaryimage"},"image":{"@id":"https:\/\/moldart.be\/de\/product\/zubehoer\/inox-frame-375mm-x-375mm-kopie\/#primaryimage"},"thumbnailUrl":"https:\/\/moldart.be\/app\/uploads\/2024\/04\/IMG_6807-scaled-1.jpg","datePublished":"2022-03-29T17:36:14+00:00","dateModified":"2024-06-26T12:36:46+00:00","breadcrumb":{"@id":"https:\/\/moldart.be\/de\/product\/zubehoer\/inox-frame-375mm-x-375mm-kopie\/#breadcrumb"},"inLanguage":"de-DE","potentialAction":[{"@type":"ReadAction","target":["https:\/\/moldart.be\/de\/product\/zubehoer\/inox-frame-375mm-x-375mm-kopie\/"]}]},{"@type":"ImageObject","inLanguage":"de-DE","@id":"https:\/\/moldart.be\/de\/product\/zubehoer\/inox-frame-375mm-x-375mm-kopie\/#primaryimage","url":"https:\/\/moldart.be\/app\/uploads\/2024\/04\/IMG_6807-scaled-1.jpg","contentUrl":"https:\/\/moldart.be\/app\/uploads\/2024\/04\/IMG_6807-scaled-1.jpg","width":2560,"height":1707},{"@type":"BreadcrumbList","@id":"https:\/\/moldart.be\/de\/product\/zubehoer\/inox-frame-375mm-x-375mm-kopie\/#breadcrumb","itemListElement":[{"@type":"ListItem","position":1,"name":"Home","item":"https:\/\/moldart.be\/de\/"},{"@type":"ListItem","position":2,"name":"Shop","item":"https:\/\/moldart.be\/de\/shop\/"},{"@type":"ListItem","position":3,"name":"Inox frame 375mm x 375mm (kopie)"}]},{"@type":"WebSite","@id":"https:\/\/moldart.be\/de\/#website","url":"https:\/\/moldart.be\/de\/","name":"Mol d&#039;Art - Chocolademachines, vormen en verpakkingen. In onze shop vind je alles terug!","description":"","potentialAction":[{"@type":"SearchAction","target":{"@type":"EntryPoint","urlTemplate":"https:\/\/moldart.be\/de\/?s={search_term_string}"},"query-input":{"@type":"PropertyValueSpecification","valueRequired":true,"valueName":"search_term_string"}}],"inLanguage":"de-DE"}]}},"_links":{"self":[{"href":"https:\/\/moldart.be\/de\/wp-json\/wp\/v2\/product\/23233","targetHints":{"allow":["GET"]}}],"collection":[{"href":"https:\/\/moldart.be\/de\/wp-json\/wp\/v2\/product"}],"about":[{"href":"https:\/\/moldart.be\/de\/wp-json\/wp\/v2\/types\/product"}],"wp:featuredmedia":[{"embeddable":true,"href":"https:\/\/moldart.be\/de\/wp-json\/wp\/v2\/media\/13360"}],"wp:attachment":[{"href":"https:\/\/moldart.be\/de\/wp-json\/wp\/v2\/media?parent=23233"}],"wp:term":[{"taxonomy":"product_brand","embeddable":true,"href":"https:\/\/moldart.be\/de\/wp-json\/wp\/v2\/product_brand?post=23233"},{"taxonomy":"product_cat","embeddable":true,"href":"https:\/\/moldart.be\/de\/wp-json\/wp\/v2\/product_cat?post=23233"},{"taxonomy":"product_tag","embeddable":true,"href":"https:\/\/moldart.be\/de\/wp-json\/wp\/v2\/product_tag?post=23233"}],"curies":[{"name":"wp","href":"https:\/\/api.w.org\/{rel}","templated":true}]}}