{"id":17925,"date":"2014-10-16T15:36:22","date_gmt":"2014-10-16T15:36:22","guid":{"rendered":"https:\/\/moldart.be\/product\/non%20class\u00e9\/rouleau-de-papier-de-18-cm\/"},"modified":"2024-10-09T14:08:31","modified_gmt":"2024-10-09T14:08:31","slug":"rouleau-de-papier-de-18-cm","status":"publish","type":"product","link":"https:\/\/moldart.be\/fr\/product\/accessoires\/rouleau-de-papier\/rouleau-de-papier-de-18-cm\/","title":{"rendered":"Rouleau de papier, 180 mm"},"content":{"rendered":"","protected":false},"excerpt":{"rendered":"<ul>\n<li>Rouleau de papier, 180 mm<\/li>\n<li>180 mm<\/li>\n<li>Rouler le papier parchemin \u00e0 utiliser avec la bande transporteuse de la machine \u00e0 tracer de 18 cm (r\u00e9f. 9003).<\/li>\n<li>Longueur totale du rouleau: 450 m\u00e8tres.<\/li>\n<li>Diam\u00e8tre de la manche int\u00e9rieure : 70mm<\/li>\n<\/ul>\n","protected":false},"featured_media":590,"template":"","meta":{"_acf_changed":false,"inline_featured_image":false},"product_brand":[],"product_cat":[1192,1193],"product_tag":[],"class_list":{"0":"post-17925","1":"product","2":"type-product","3":"status-publish","4":"has-post-thumbnail","6":"product_cat-accessoires","7":"product_cat-rouleau-de-papier","8":"product_shipping_class-paper","10":"first","11":"instock","12":"taxable","13":"shipping-taxable","14":"purchasable","15":"product-type-simple"},"acf":[],"yoast_head":"<!-- This site is optimized with the Yoast SEO plugin v25.4 - https:\/\/yoast.com\/wordpress\/plugins\/seo\/ -->\n<title>Rouleau de papier, 180 mm - Mol d&#039;Art - Chocolademachines, vormen en verpakkingen. In onze shop vind je alles terug!<\/title>\n<meta name=\"robots\" content=\"index, follow, max-snippet:-1, max-image-preview:large, max-video-preview:-1\" \/>\n<link rel=\"canonical\" href=\"https:\/\/moldart.be\/fr\/product\/accessoires\/rouleau-de-papier\/rouleau-de-papier-de-18-cm\/\" \/>\n<meta property=\"og:locale\" content=\"fr_FR\" \/>\n<meta property=\"og:type\" content=\"article\" \/>\n<meta property=\"og:title\" content=\"Rouleau de papier, 180 mm - Mol d&#039;Art - Chocolademachines, vormen en verpakkingen. In onze shop vind je alles terug!\" \/>\n<meta property=\"og:description\" content=\"Rouleau de papier, 180 mm  180 mm  Rouler le papier parchemin \u00e0 utiliser avec la bande transporteuse de la machine \u00e0 tracer de 18 cm (r\u00e9f. 9003).  Longueur totale du rouleau: 450 m\u00e8tres.  Diam\u00e8tre de la manche int\u00e9rieure : 70mm\" \/>\n<meta property=\"og:url\" content=\"https:\/\/moldart.be\/fr\/product\/accessoires\/rouleau-de-papier\/rouleau-de-papier-de-18-cm\/\" \/>\n<meta property=\"og:site_name\" content=\"Mol d&#039;Art - Chocolademachines, vormen en verpakkingen. In onze shop vind je alles terug!\" \/>\n<meta property=\"article:modified_time\" content=\"2024-10-09T14:08:31+00:00\" \/>\n<meta property=\"og:image\" content=\"https:\/\/moldart.be\/app\/uploads\/2024\/04\/papier_overtrekmachine.jpg\" \/>\n\t<meta property=\"og:image:width\" content=\"1181\" \/>\n\t<meta property=\"og:image:height\" content=\"1047\" \/>\n\t<meta property=\"og:image:type\" content=\"image\/jpeg\" \/>\n<meta name=\"twitter:card\" content=\"summary_large_image\" \/>\n<script type=\"application\/ld+json\" class=\"yoast-schema-graph\">{\"@context\":\"https:\/\/schema.org\",\"@graph\":[{\"@type\":\"WebPage\",\"@id\":\"https:\/\/moldart.be\/fr\/product\/accessoires\/rouleau-de-papier\/rouleau-de-papier-de-18-cm\/\",\"url\":\"https:\/\/moldart.be\/fr\/product\/accessoires\/rouleau-de-papier\/rouleau-de-papier-de-18-cm\/\",\"name\":\"Rouleau de papier, 180 mm - Mol d&#039;Art - Chocolademachines, vormen en verpakkingen. In onze shop vind je alles terug!\",\"isPartOf\":{\"@id\":\"https:\/\/moldart.be\/fr\/#website\"},\"primaryImageOfPage\":{\"@id\":\"https:\/\/moldart.be\/fr\/product\/accessoires\/rouleau-de-papier\/rouleau-de-papier-de-18-cm\/#primaryimage\"},\"image\":{\"@id\":\"https:\/\/moldart.be\/fr\/product\/accessoires\/rouleau-de-papier\/rouleau-de-papier-de-18-cm\/#primaryimage\"},\"thumbnailUrl\":\"https:\/\/moldart.be\/app\/uploads\/2024\/04\/papier_overtrekmachine.jpg\",\"datePublished\":\"2014-10-16T15:36:22+00:00\",\"dateModified\":\"2024-10-09T14:08:31+00:00\",\"breadcrumb\":{\"@id\":\"https:\/\/moldart.be\/fr\/product\/accessoires\/rouleau-de-papier\/rouleau-de-papier-de-18-cm\/#breadcrumb\"},\"inLanguage\":\"fr-FR\",\"potentialAction\":[{\"@type\":\"ReadAction\",\"target\":[\"https:\/\/moldart.be\/fr\/product\/accessoires\/rouleau-de-papier\/rouleau-de-papier-de-18-cm\/\"]}]},{\"@type\":\"ImageObject\",\"inLanguage\":\"fr-FR\",\"@id\":\"https:\/\/moldart.be\/fr\/product\/accessoires\/rouleau-de-papier\/rouleau-de-papier-de-18-cm\/#primaryimage\",\"url\":\"https:\/\/moldart.be\/app\/uploads\/2024\/04\/papier_overtrekmachine.jpg\",\"contentUrl\":\"https:\/\/moldart.be\/app\/uploads\/2024\/04\/papier_overtrekmachine.jpg\",\"width\":1181,\"height\":1047},{\"@type\":\"BreadcrumbList\",\"@id\":\"https:\/\/moldart.be\/fr\/product\/accessoires\/rouleau-de-papier\/rouleau-de-papier-de-18-cm\/#breadcrumb\",\"itemListElement\":[{\"@type\":\"ListItem\",\"position\":1,\"name\":\"Home\",\"item\":\"https:\/\/moldart.be\/fr\/\"},{\"@type\":\"ListItem\",\"position\":2,\"name\":\"Shop\",\"item\":\"https:\/\/moldart.be\/fr\/shop\/\"},{\"@type\":\"ListItem\",\"position\":3,\"name\":\"Rouleau de papier, 180 mm\"}]},{\"@type\":\"WebSite\",\"@id\":\"https:\/\/moldart.be\/fr\/#website\",\"url\":\"https:\/\/moldart.be\/fr\/\",\"name\":\"Mol d&#039;Art - Chocolademachines, vormen en verpakkingen. In onze shop vind je alles terug!\",\"description\":\"\",\"potentialAction\":[{\"@type\":\"SearchAction\",\"target\":{\"@type\":\"EntryPoint\",\"urlTemplate\":\"https:\/\/moldart.be\/fr\/?s={search_term_string}\"},\"query-input\":{\"@type\":\"PropertyValueSpecification\",\"valueRequired\":true,\"valueName\":\"search_term_string\"}}],\"inLanguage\":\"fr-FR\"}]}<\/script>\n<!-- \/ Yoast SEO plugin. -->","yoast_head_json":{"title":"Rouleau de papier, 180 mm - Mol d&#039;Art - Chocolademachines, vormen en verpakkingen. In onze shop vind je alles terug!","robots":{"index":"index","follow":"follow","max-snippet":"max-snippet:-1","max-image-preview":"max-image-preview:large","max-video-preview":"max-video-preview:-1"},"canonical":"https:\/\/moldart.be\/fr\/product\/accessoires\/rouleau-de-papier\/rouleau-de-papier-de-18-cm\/","og_locale":"fr_FR","og_type":"article","og_title":"Rouleau de papier, 180 mm - Mol d&#039;Art - Chocolademachines, vormen en verpakkingen. In onze shop vind je alles terug!","og_description":"Rouleau de papier, 180 mm  180 mm  Rouler le papier parchemin \u00e0 utiliser avec la bande transporteuse de la machine \u00e0 tracer de 18 cm (r\u00e9f. 9003).  Longueur totale du rouleau: 450 m\u00e8tres.  Diam\u00e8tre de la manche int\u00e9rieure : 70mm","og_url":"https:\/\/moldart.be\/fr\/product\/accessoires\/rouleau-de-papier\/rouleau-de-papier-de-18-cm\/","og_site_name":"Mol d&#039;Art - Chocolademachines, vormen en verpakkingen. In onze shop vind je alles terug!","article_modified_time":"2024-10-09T14:08:31+00:00","og_image":[{"width":1181,"height":1047,"url":"https:\/\/moldart.be\/app\/uploads\/2024\/04\/papier_overtrekmachine.jpg","type":"image\/jpeg"}],"twitter_card":"summary_large_image","schema":{"@context":"https:\/\/schema.org","@graph":[{"@type":"WebPage","@id":"https:\/\/moldart.be\/fr\/product\/accessoires\/rouleau-de-papier\/rouleau-de-papier-de-18-cm\/","url":"https:\/\/moldart.be\/fr\/product\/accessoires\/rouleau-de-papier\/rouleau-de-papier-de-18-cm\/","name":"Rouleau de papier, 180 mm - Mol d&#039;Art - Chocolademachines, vormen en verpakkingen. In onze shop vind je alles terug!","isPartOf":{"@id":"https:\/\/moldart.be\/fr\/#website"},"primaryImageOfPage":{"@id":"https:\/\/moldart.be\/fr\/product\/accessoires\/rouleau-de-papier\/rouleau-de-papier-de-18-cm\/#primaryimage"},"image":{"@id":"https:\/\/moldart.be\/fr\/product\/accessoires\/rouleau-de-papier\/rouleau-de-papier-de-18-cm\/#primaryimage"},"thumbnailUrl":"https:\/\/moldart.be\/app\/uploads\/2024\/04\/papier_overtrekmachine.jpg","datePublished":"2014-10-16T15:36:22+00:00","dateModified":"2024-10-09T14:08:31+00:00","breadcrumb":{"@id":"https:\/\/moldart.be\/fr\/product\/accessoires\/rouleau-de-papier\/rouleau-de-papier-de-18-cm\/#breadcrumb"},"inLanguage":"fr-FR","potentialAction":[{"@type":"ReadAction","target":["https:\/\/moldart.be\/fr\/product\/accessoires\/rouleau-de-papier\/rouleau-de-papier-de-18-cm\/"]}]},{"@type":"ImageObject","inLanguage":"fr-FR","@id":"https:\/\/moldart.be\/fr\/product\/accessoires\/rouleau-de-papier\/rouleau-de-papier-de-18-cm\/#primaryimage","url":"https:\/\/moldart.be\/app\/uploads\/2024\/04\/papier_overtrekmachine.jpg","contentUrl":"https:\/\/moldart.be\/app\/uploads\/2024\/04\/papier_overtrekmachine.jpg","width":1181,"height":1047},{"@type":"BreadcrumbList","@id":"https:\/\/moldart.be\/fr\/product\/accessoires\/rouleau-de-papier\/rouleau-de-papier-de-18-cm\/#breadcrumb","itemListElement":[{"@type":"ListItem","position":1,"name":"Home","item":"https:\/\/moldart.be\/fr\/"},{"@type":"ListItem","position":2,"name":"Shop","item":"https:\/\/moldart.be\/fr\/shop\/"},{"@type":"ListItem","position":3,"name":"Rouleau de papier, 180 mm"}]},{"@type":"WebSite","@id":"https:\/\/moldart.be\/fr\/#website","url":"https:\/\/moldart.be\/fr\/","name":"Mol d&#039;Art - Chocolademachines, vormen en verpakkingen. In onze shop vind je alles terug!","description":"","potentialAction":[{"@type":"SearchAction","target":{"@type":"EntryPoint","urlTemplate":"https:\/\/moldart.be\/fr\/?s={search_term_string}"},"query-input":{"@type":"PropertyValueSpecification","valueRequired":true,"valueName":"search_term_string"}}],"inLanguage":"fr-FR"}]}},"_links":{"self":[{"href":"https:\/\/moldart.be\/fr\/wp-json\/wp\/v2\/product\/17925","targetHints":{"allow":["GET"]}}],"collection":[{"href":"https:\/\/moldart.be\/fr\/wp-json\/wp\/v2\/product"}],"about":[{"href":"https:\/\/moldart.be\/fr\/wp-json\/wp\/v2\/types\/product"}],"wp:featuredmedia":[{"embeddable":true,"href":"https:\/\/moldart.be\/fr\/wp-json\/wp\/v2\/media\/590"}],"wp:attachment":[{"href":"https:\/\/moldart.be\/fr\/wp-json\/wp\/v2\/media?parent=17925"}],"wp:term":[{"taxonomy":"product_brand","embeddable":true,"href":"https:\/\/moldart.be\/fr\/wp-json\/wp\/v2\/product_brand?post=17925"},{"taxonomy":"product_cat","embeddable":true,"href":"https:\/\/moldart.be\/fr\/wp-json\/wp\/v2\/product_cat?post=17925"},{"taxonomy":"product_tag","embeddable":true,"href":"https:\/\/moldart.be\/fr\/wp-json\/wp\/v2\/product_tag?post=17925"}],"curies":[{"name":"wp","href":"https:\/\/api.w.org\/{rel}","templated":true}]}}