{"id":30325,"date":"2026-01-22T16:50:25","date_gmt":"2026-01-22T16:50:25","guid":{"rendered":"https:\/\/moldart.be\/product\/non%20class\u00e9\/doseerplaat\/"},"modified":"2026-01-23T06:47:43","modified_gmt":"2026-01-23T06:47:43","slug":"doseerplaat","status":"publish","type":"product","link":"https:\/\/moldart.be\/fr\/product\/machines-pour-chocolaterie\/plaques-de-dosage\/doseerplaat\/","title":{"rendered":"Ensemble de plaques de dosage"},"content":{"rendered":"","protected":false},"excerpt":{"rendered":"<p data-start=\"53\" data-end=\"86\">\n<p data-start=\"88\" data-end=\"111\">Cet ensemble comprend :<\/p>\n<ul data-start=\"113\" data-end=\"861\">\n<li data-start=\"113\" data-end=\"193\">\n<p data-start=\"115\" data-end=\"193\"><strong data-start=\"115\" data-end=\"139\">La plaque sup\u00e9rieure<\/strong>, con\u00e7ue pour se connecter \u00e0 votre machine \u00e0 chocolat.<\/p>\n<\/li>\n<li data-start=\"195\" data-end=\"397\">\n<p data-start=\"197\" data-end=\"397\"><strong data-start=\"197\" data-end=\"220\">La plaque de dosage<\/strong>, permettant un dosage pr\u00e9cis et constant du chocolat.<\/p>\n<\/li>\n<li data-start=\"399\" data-end=\"861\">\n<p data-start=\"401\" data-end=\"861\"><strong data-start=\"401\" data-end=\"446\">La plaque de dosage pleine (sans per\u00e7age)<\/strong> : sans trous pr\u00e9-perc\u00e9s, elle vous offre une libert\u00e9 totale pour cr\u00e9er un motif de dosage personnalis\u00e9. Fabriqu\u00e9es en <strong data-start=\"565\" data-end=\"601\">plastique POM-C de haute qualit\u00e9<\/strong>, nos plaques de dosage sont l\u00e9g\u00e8res et faciles \u00e0 manipuler, ce qui permet de percer manuellement des trous selon le motif souhait\u00e9.<br data-start=\"733\" data-end=\"736\" \/>Cette personnalisation vous permet d\u2019ajuster le d\u00e9bit et la r\u00e9partition du chocolat en fonction de vos besoins sp\u00e9cifiques.<\/p>\n<\/li>\n<\/ul>\n","protected":false},"featured_media":30311,"template":"","meta":{"_acf_changed":false,"inline_featured_image":false},"product_brand":[],"product_cat":[1443],"product_tag":[1855],"class_list":{"0":"post-30325","1":"product","2":"type-product","3":"status-publish","4":"has-post-thumbnail","6":"product_cat-plaques-de-dosage","7":"product_tag-doseerplaat-fr","8":"product_shipping_class-seperate-collie-light","10":"first","11":"instock","12":"taxable","13":"shipping-taxable","14":"purchasable","15":"product-type-variable"},"acf":[],"yoast_head":"<!-- This site is optimized with the Yoast SEO plugin v25.4 - https:\/\/yoast.com\/wordpress\/plugins\/seo\/ -->\n<title>Ensemble de plaques de dosage - Mol d&#039;Art - Chocolademachines, vormen en verpakkingen. In onze shop vind je alles terug!<\/title>\n<meta name=\"robots\" content=\"index, follow, max-snippet:-1, max-image-preview:large, max-video-preview:-1\" \/>\n<link rel=\"canonical\" href=\"https:\/\/moldart.be\/fr\/product\/machines-pour-chocolaterie\/plaques-de-dosage\/doseerplaat\/\" \/>\n<meta property=\"og:locale\" content=\"fr_FR\" \/>\n<meta property=\"og:type\" content=\"article\" \/>\n<meta property=\"og:title\" content=\"Ensemble de plaques de dosage - Mol d&#039;Art - Chocolademachines, vormen en verpakkingen. In onze shop vind je alles terug!\" \/>\n<meta property=\"og:description\" content=\"Cet ensemble comprend :     La plaque sup\u00e9rieure, con\u00e7ue pour se connecter \u00e0 votre machine \u00e0 chocolat.    La plaque de dosage, permettant un dosage pr\u00e9cis et constant du chocolat.    La plaque de dosage pleine (sans per\u00e7age) : sans trous pr\u00e9-perc\u00e9s, elle vous offre une libert\u00e9 totale pour cr\u00e9er un motif de dosage personnalis\u00e9. Fabriqu\u00e9es en plastique POM-C de haute qualit\u00e9, nos plaques de dosage sont l\u00e9g\u00e8res et faciles \u00e0 manipuler, ce qui permet de percer manuellement des trous selon le motif souhait\u00e9.Cette personnalisation vous permet d\u2019ajuster le d\u00e9bit et la r\u00e9partition du chocolat en fonction de vos besoins sp\u00e9cifiques.\" \/>\n<meta property=\"og:url\" content=\"https:\/\/moldart.be\/fr\/product\/machines-pour-chocolaterie\/plaques-de-dosage\/doseerplaat\/\" \/>\n<meta property=\"og:site_name\" content=\"Mol d&#039;Art - Chocolademachines, vormen en verpakkingen. In onze shop vind je alles terug!\" \/>\n<meta property=\"article:modified_time\" content=\"2026-01-23T06:47:43+00:00\" \/>\n<meta property=\"og:image\" content=\"https:\/\/moldart.be\/app\/uploads\/2026\/01\/aeeee7_4a5746370f4646a0b0df6dfc3bf47347mv2-1.png\" \/>\n\t<meta property=\"og:image:width\" content=\"1486\" \/>\n\t<meta property=\"og:image:height\" content=\"1148\" \/>\n\t<meta property=\"og:image:type\" content=\"image\/png\" \/>\n<meta name=\"twitter:card\" content=\"summary_large_image\" \/>\n<meta name=\"twitter:label1\" content=\"Est. reading time\" \/>\n\t<meta name=\"twitter:data1\" content=\"1 minute\" \/>\n<script type=\"application\/ld+json\" class=\"yoast-schema-graph\">{\"@context\":\"https:\/\/schema.org\",\"@graph\":[{\"@type\":\"WebPage\",\"@id\":\"https:\/\/moldart.be\/fr\/product\/machines-pour-chocolaterie\/plaques-de-dosage\/doseerplaat\/\",\"url\":\"https:\/\/moldart.be\/fr\/product\/machines-pour-chocolaterie\/plaques-de-dosage\/doseerplaat\/\",\"name\":\"Ensemble de plaques de dosage - Mol d&#039;Art - Chocolademachines, vormen en verpakkingen. In onze shop vind je alles terug!\",\"isPartOf\":{\"@id\":\"https:\/\/moldart.be\/fr\/#website\"},\"primaryImageOfPage\":{\"@id\":\"https:\/\/moldart.be\/fr\/product\/machines-pour-chocolaterie\/plaques-de-dosage\/doseerplaat\/#primaryimage\"},\"image\":{\"@id\":\"https:\/\/moldart.be\/fr\/product\/machines-pour-chocolaterie\/plaques-de-dosage\/doseerplaat\/#primaryimage\"},\"thumbnailUrl\":\"https:\/\/moldart.be\/app\/uploads\/2026\/01\/aeeee7_4a5746370f4646a0b0df6dfc3bf47347mv2-1.png\",\"datePublished\":\"2026-01-22T16:50:25+00:00\",\"dateModified\":\"2026-01-23T06:47:43+00:00\",\"breadcrumb\":{\"@id\":\"https:\/\/moldart.be\/fr\/product\/machines-pour-chocolaterie\/plaques-de-dosage\/doseerplaat\/#breadcrumb\"},\"inLanguage\":\"fr-FR\",\"potentialAction\":[{\"@type\":\"ReadAction\",\"target\":[\"https:\/\/moldart.be\/fr\/product\/machines-pour-chocolaterie\/plaques-de-dosage\/doseerplaat\/\"]}]},{\"@type\":\"ImageObject\",\"inLanguage\":\"fr-FR\",\"@id\":\"https:\/\/moldart.be\/fr\/product\/machines-pour-chocolaterie\/plaques-de-dosage\/doseerplaat\/#primaryimage\",\"url\":\"https:\/\/moldart.be\/app\/uploads\/2026\/01\/aeeee7_4a5746370f4646a0b0df6dfc3bf47347mv2-1.png\",\"contentUrl\":\"https:\/\/moldart.be\/app\/uploads\/2026\/01\/aeeee7_4a5746370f4646a0b0df6dfc3bf47347mv2-1.png\",\"width\":1486,\"height\":1148},{\"@type\":\"BreadcrumbList\",\"@id\":\"https:\/\/moldart.be\/fr\/product\/machines-pour-chocolaterie\/plaques-de-dosage\/doseerplaat\/#breadcrumb\",\"itemListElement\":[{\"@type\":\"ListItem\",\"position\":1,\"name\":\"Home\",\"item\":\"https:\/\/moldart.be\/fr\/\"},{\"@type\":\"ListItem\",\"position\":2,\"name\":\"Shop\",\"item\":\"https:\/\/moldart.be\/fr\/shop\/\"},{\"@type\":\"ListItem\",\"position\":3,\"name\":\"Ensemble de plaques de dosage\"}]},{\"@type\":\"WebSite\",\"@id\":\"https:\/\/moldart.be\/fr\/#website\",\"url\":\"https:\/\/moldart.be\/fr\/\",\"name\":\"Mol d&#039;Art - Chocolademachines, vormen en verpakkingen. In onze shop vind je alles terug!\",\"description\":\"\",\"potentialAction\":[{\"@type\":\"SearchAction\",\"target\":{\"@type\":\"EntryPoint\",\"urlTemplate\":\"https:\/\/moldart.be\/fr\/?s={search_term_string}\"},\"query-input\":{\"@type\":\"PropertyValueSpecification\",\"valueRequired\":true,\"valueName\":\"search_term_string\"}}],\"inLanguage\":\"fr-FR\"}]}<\/script>\n<!-- \/ Yoast SEO plugin. -->","yoast_head_json":{"title":"Ensemble de plaques de dosage - Mol d&#039;Art - Chocolademachines, vormen en verpakkingen. In onze shop vind je alles terug!","robots":{"index":"index","follow":"follow","max-snippet":"max-snippet:-1","max-image-preview":"max-image-preview:large","max-video-preview":"max-video-preview:-1"},"canonical":"https:\/\/moldart.be\/fr\/product\/machines-pour-chocolaterie\/plaques-de-dosage\/doseerplaat\/","og_locale":"fr_FR","og_type":"article","og_title":"Ensemble de plaques de dosage - Mol d&#039;Art - Chocolademachines, vormen en verpakkingen. In onze shop vind je alles terug!","og_description":"Cet ensemble comprend :     La plaque sup\u00e9rieure, con\u00e7ue pour se connecter \u00e0 votre machine \u00e0 chocolat.    La plaque de dosage, permettant un dosage pr\u00e9cis et constant du chocolat.    La plaque de dosage pleine (sans per\u00e7age) : sans trous pr\u00e9-perc\u00e9s, elle vous offre une libert\u00e9 totale pour cr\u00e9er un motif de dosage personnalis\u00e9. Fabriqu\u00e9es en plastique POM-C de haute qualit\u00e9, nos plaques de dosage sont l\u00e9g\u00e8res et faciles \u00e0 manipuler, ce qui permet de percer manuellement des trous selon le motif souhait\u00e9.Cette personnalisation vous permet d\u2019ajuster le d\u00e9bit et la r\u00e9partition du chocolat en fonction de vos besoins sp\u00e9cifiques.","og_url":"https:\/\/moldart.be\/fr\/product\/machines-pour-chocolaterie\/plaques-de-dosage\/doseerplaat\/","og_site_name":"Mol d&#039;Art - Chocolademachines, vormen en verpakkingen. In onze shop vind je alles terug!","article_modified_time":"2026-01-23T06:47:43+00:00","og_image":[{"width":1486,"height":1148,"url":"https:\/\/moldart.be\/app\/uploads\/2026\/01\/aeeee7_4a5746370f4646a0b0df6dfc3bf47347mv2-1.png","type":"image\/png"}],"twitter_card":"summary_large_image","twitter_misc":{"Est. reading time":"1 minute"},"schema":{"@context":"https:\/\/schema.org","@graph":[{"@type":"WebPage","@id":"https:\/\/moldart.be\/fr\/product\/machines-pour-chocolaterie\/plaques-de-dosage\/doseerplaat\/","url":"https:\/\/moldart.be\/fr\/product\/machines-pour-chocolaterie\/plaques-de-dosage\/doseerplaat\/","name":"Ensemble de plaques de dosage - Mol d&#039;Art - Chocolademachines, vormen en verpakkingen. In onze shop vind je alles terug!","isPartOf":{"@id":"https:\/\/moldart.be\/fr\/#website"},"primaryImageOfPage":{"@id":"https:\/\/moldart.be\/fr\/product\/machines-pour-chocolaterie\/plaques-de-dosage\/doseerplaat\/#primaryimage"},"image":{"@id":"https:\/\/moldart.be\/fr\/product\/machines-pour-chocolaterie\/plaques-de-dosage\/doseerplaat\/#primaryimage"},"thumbnailUrl":"https:\/\/moldart.be\/app\/uploads\/2026\/01\/aeeee7_4a5746370f4646a0b0df6dfc3bf47347mv2-1.png","datePublished":"2026-01-22T16:50:25+00:00","dateModified":"2026-01-23T06:47:43+00:00","breadcrumb":{"@id":"https:\/\/moldart.be\/fr\/product\/machines-pour-chocolaterie\/plaques-de-dosage\/doseerplaat\/#breadcrumb"},"inLanguage":"fr-FR","potentialAction":[{"@type":"ReadAction","target":["https:\/\/moldart.be\/fr\/product\/machines-pour-chocolaterie\/plaques-de-dosage\/doseerplaat\/"]}]},{"@type":"ImageObject","inLanguage":"fr-FR","@id":"https:\/\/moldart.be\/fr\/product\/machines-pour-chocolaterie\/plaques-de-dosage\/doseerplaat\/#primaryimage","url":"https:\/\/moldart.be\/app\/uploads\/2026\/01\/aeeee7_4a5746370f4646a0b0df6dfc3bf47347mv2-1.png","contentUrl":"https:\/\/moldart.be\/app\/uploads\/2026\/01\/aeeee7_4a5746370f4646a0b0df6dfc3bf47347mv2-1.png","width":1486,"height":1148},{"@type":"BreadcrumbList","@id":"https:\/\/moldart.be\/fr\/product\/machines-pour-chocolaterie\/plaques-de-dosage\/doseerplaat\/#breadcrumb","itemListElement":[{"@type":"ListItem","position":1,"name":"Home","item":"https:\/\/moldart.be\/fr\/"},{"@type":"ListItem","position":2,"name":"Shop","item":"https:\/\/moldart.be\/fr\/shop\/"},{"@type":"ListItem","position":3,"name":"Ensemble de plaques de dosage"}]},{"@type":"WebSite","@id":"https:\/\/moldart.be\/fr\/#website","url":"https:\/\/moldart.be\/fr\/","name":"Mol d&#039;Art - Chocolademachines, vormen en verpakkingen. In onze shop vind je alles terug!","description":"","potentialAction":[{"@type":"SearchAction","target":{"@type":"EntryPoint","urlTemplate":"https:\/\/moldart.be\/fr\/?s={search_term_string}"},"query-input":{"@type":"PropertyValueSpecification","valueRequired":true,"valueName":"search_term_string"}}],"inLanguage":"fr-FR"}]}},"_links":{"self":[{"href":"https:\/\/moldart.be\/fr\/wp-json\/wp\/v2\/product\/30325","targetHints":{"allow":["GET"]}}],"collection":[{"href":"https:\/\/moldart.be\/fr\/wp-json\/wp\/v2\/product"}],"about":[{"href":"https:\/\/moldart.be\/fr\/wp-json\/wp\/v2\/types\/product"}],"wp:featuredmedia":[{"embeddable":true,"href":"https:\/\/moldart.be\/fr\/wp-json\/wp\/v2\/media\/30311"}],"wp:attachment":[{"href":"https:\/\/moldart.be\/fr\/wp-json\/wp\/v2\/media?parent=30325"}],"wp:term":[{"taxonomy":"product_brand","embeddable":true,"href":"https:\/\/moldart.be\/fr\/wp-json\/wp\/v2\/product_brand?post=30325"},{"taxonomy":"product_cat","embeddable":true,"href":"https:\/\/moldart.be\/fr\/wp-json\/wp\/v2\/product_cat?post=30325"},{"taxonomy":"product_tag","embeddable":true,"href":"https:\/\/moldart.be\/fr\/wp-json\/wp\/v2\/product_tag?post=30325"}],"curies":[{"name":"wp","href":"https:\/\/api.w.org\/{rel}","templated":true}]}}